{"id":21183,"date":"2024-12-04T09:45:24","date_gmt":"2024-12-04T08:45:24","guid":{"rendered":"https:\/\/vinart.ch\/politique-de-garantie\/"},"modified":"2024-12-04T14:15:12","modified_gmt":"2024-12-04T13:15:12","slug":"gewaehrleistungspolitik","status":"publish","type":"page","link":"https:\/\/vinart.ch\/de\/gewaehrleistungspolitik\/","title":{"rendered":"Gew\u00e4hrleistungspolitik"},"content":{"rendered":"\t\t<div data-elementor-type=\"wp-page\" data-elementor-id=\"21183\" class=\"elementor elementor-21183 elementor-21159\">\n\t\t\t\t\t\t\t\t\t<section class=\"elementor-section elementor-top-section elementor-element elementor-element-77b3e4d elementor-section-full_width elementor-section-height-min-height elementor-section-stretched sc_bg_mask_5 elementor-section-height-default elementor-section-items-middle sc_fly_static\" data-id=\"77b3e4d\" data-element_type=\"section\" data-settings=\"{&quot;stretch_section&quot;:&quot;section-stretched&quot;,&quot;background_background&quot;:&quot;classic&quot;}\">\n\t\t\t\t\t\t<div class=\"elementor-container elementor-column-gap-default\">\n\t\t\t\t\t<div class=\"elementor-column elementor-col-100 elementor-top-column elementor-element elementor-element-fc2d732 sc_inner_width_none sc_content_align_inherit sc_layouts_column_icons_position_left sc_fly_static\" data-id=\"fc2d732\" data-element_type=\"column\">\n\t\t\t<div class=\"elementor-widget-wrap\">\n\t\t\t\t\t\t\t\t\t<\/div>\n\t\t<\/div>\n\t\t\t\t\t\t\t<\/div>\n\t\t<\/section>\n\t\t\t\t<section class=\"elementor-section elementor-top-section elementor-element elementor-element-cf7be16 elementor-section-boxed elementor-section-height-default elementor-section-height-default sc_fly_static\" data-id=\"cf7be16\" data-element_type=\"section\">\n\t\t\t\t\t\t<div class=\"elementor-container elementor-column-gap-extended\">\n\t\t\t\t\t<div class=\"elementor-column elementor-col-100 elementor-top-column elementor-element elementor-element-06d604d sc_inner_width_none sc_content_align_inherit sc_layouts_column_icons_position_left sc_fly_static\" data-id=\"06d604d\" data-element_type=\"column\">\n\t\t\t<div class=\"elementor-widget-wrap elementor-element-populated\">\n\t\t\t\t\t\t\t\t<div class=\"elementor-element elementor-element-d4fb323 sc_fly_static elementor-widget elementor-widget-text-editor\" data-id=\"d4fb323\" data-element_type=\"widget\" data-widget_type=\"text-editor.default\">\n\t\t\t\t<div class=\"elementor-widget-container\">\n\t\t\t\t\t\t\t<\/p>\n<p>POLITIQUE DE GARANTIE<\/p>\n<p>Vinart garantit la qualit\u00e9 des mat\u00e9riaux utilis\u00e9s et l\u2019absence de vice de fabrication pour une p\u00e9riode de deux ans \u00e0 partir de la date d\u2019achat chez un partenaire ou revendeur Vinart agr\u00e9\u00e9. Nous nous r\u00e9servons le droit, \u00e0 notre discr\u00e9tion, de r\u00e9parer ou de remplacer tout dispositif qui ne serait pas conforme \u00e0 cette garantie en cas d\u2019utilisation pr\u00e9vue et de respect des instructions d\u2019entretien. Vinart peut exiger la pr\u00e9sentation de la preuve d\u2019achat originale pour v\u00e9rifier la date de l\u2019achat. L\u2019utilisation non conforme du produit ou pour un autre usage que celui pr\u00e9vu et le remplacement des pi\u00e8ces originales ne donne droit \u00e0 aucune garantie. <\/p>\n<p>GARANTIEBEDINGUNGEN<\/p>\n<p>Vinart bietet eine Garantie von zwei Jahren auf Material- und Verarbeitungsfehler ab dem Datum, an dem das Vinart-Ger\u00e4t bei Vinart oder einem autorisierten Vinart-Verk\u00e4ufer oder Vinart-Partner erworben wurde. Ger\u00e4te, die bei normalem Gebrauch und bei Befolgung der Pflegehinweise M\u00e4ngel aufweisen, werden nach unserem Ermessen im Rahmen dieser Garantie repariert bzw. ersetzt. Vinart kann die Vorlage des urspr\u00fcnglichen Kaufbelegs verlangen, aus dem das Kaufdatum hervorgeht. Wird das Produkt nicht bestimmungsgem\u00e4ss oder f\u00fcr einen anderen als den vorgesehenen Gebrauch verwendet und werden die Originalteile ausgetauscht, besteht kein Anspruch auf Garantie. <\/p>\n<p>WARRANTY POLICY <\/p>\n<p>Vinart guarantees that your Vinart device will be free from defects in materials and workmanship for a period of two years from the date of purchase from Vinart or an authorised Vinart reseller or partner. We will, at our discretion, repair or replace any device that fails to comply with this warranty under normal use and following care instructions. Vinart may require presentation of the original proof of purchase to verify the purchase date. Any improper use of the product or use for purposes other than those intended and the replacement of original parts shall not entitle the user to any warranty.<\/p>\n\t\t\t\t\t\t<\/div>\n\t\t\t\t<\/div>\n\t\t\t\t\t<\/div>\n\t\t<\/div>\n\t\t\t\t\t\t\t<\/div>\n\t\t<\/section>\n\t\t\t\t\t\t\t<\/div>\n\t\t","protected":false},"excerpt":{"rendered":"<p>POLITIQUE DE GARANTIE Vinart garantit la qualit\u00e9 des mat\u00e9riaux utilis\u00e9s et l\u2019absence de vice de fabrication pour une p\u00e9riode de deux ans \u00e0 partir de la date d\u2019achat chez un&hellip;<\/p>\n","protected":false},"author":1,"featured_media":0,"parent":0,"menu_order":0,"comment_status":"closed","ping_status":"closed","template":"elementor_header_footer","meta":{"footnotes":""},"class_list":["post-21183","page","type-page","status-publish","hentry"],"_links":{"self":[{"href":"https:\/\/vinart.ch\/de\/wp-json\/wp\/v2\/pages\/21183","targetHints":{"allow":["GET"]}}],"collection":[{"href":"https:\/\/vinart.ch\/de\/wp-json\/wp\/v2\/pages"}],"about":[{"href":"https:\/\/vinart.ch\/de\/wp-json\/wp\/v2\/types\/page"}],"author":[{"embeddable":true,"href":"https:\/\/vinart.ch\/de\/wp-json\/wp\/v2\/users\/1"}],"replies":[{"embeddable":true,"href":"https:\/\/vinart.ch\/de\/wp-json\/wp\/v2\/comments?post=21183"}],"version-history":[{"count":2,"href":"https:\/\/vinart.ch\/de\/wp-json\/wp\/v2\/pages\/21183\/revisions"}],"predecessor-version":[{"id":21189,"href":"https:\/\/vinart.ch\/de\/wp-json\/wp\/v2\/pages\/21183\/revisions\/21189"}],"wp:attachment":[{"href":"https:\/\/vinart.ch\/de\/wp-json\/wp\/v2\/media?parent=21183"}],"curies":[{"name":"wp","href":"https:\/\/api.w.org\/{rel}","templated":true}]}}